{"id":29,"date":"2013-01-04T17:55:09","date_gmt":"2013-01-04T15:55:09","guid":{"rendered":"http:\/\/www.polizeichor-dresden.de\/?page_id=29"},"modified":"2025-02-23T11:36:44","modified_gmt":"2025-02-23T09:36:44","slug":"leitung-des-vereins","status":"publish","type":"page","link":"https:\/\/www.polizeichor-dresden.de\/?page_id=29","title":{"rendered":"Leitung des Vereins"},"content":{"rendered":"<p>Rechtliche und organisatorische Grundlage ist die Satzung des Polizeichores Dresden. Entsprechend dieser Satzung ist das h\u00f6chste Gremium des Vereins die Jahreshauptversammlung, die einmal j\u00e4hrlich ordentlich tagt.<\/p>\n<p>Zur Jahreshauptversammlung wird der Vorstand von allen stimmberechtigten Mitgliedern auf vier Jahre gew\u00e4hlt. Die letzte Wahl fand am 17. M\u00e4rz 2023 statt. Gegenw\u00e4rtig geh\u00f6ren dem Vorstand an:<\/p>\n<p>als Vorsitzende: Anke Sandvo\u00df<br>als 1. Stellvertreterin: Katrin Fetter<br>als 2. Stellvertreter: Jan Wiedemann<br>als Schatzmeister: Michael Braun<br>als stellv. Schatzmeisterin: Alexandra Kratzenberg<br>als Schriftf\u00fchrerin: B\u00e4rbel Schmidt<br>als Organisationsleiter: Ralph Lippmann<\/p>\n<p>Der Vorstand tagt in der Regel einmal monatlich und befindet \u00fcber alle Geschicke des Vereins. Der Vorstandssitzung k\u00f6nnen auf Einladung auch die beiden Chorleiter sowie die Stimmgruppenf\u00fchrer beiwohnen.<br>Zur Jahreshauptversammlung legt der Vorstand Rechenschaft \u00fcber das Gesch\u00e4ftsjahr ab und bittet um Entlastung.<\/p>\n<p data-wp-editing=\"1\">&nbsp;<\/p>\n\n<div class=\"wp-block-image\">\n<figure class=\"aligncenter size-large\"><img data-attachment-id=\"2218\" data-permalink=\"https:\/\/www.polizeichor-dresden.de\/?attachment_id=2218\" data-orig-file=\"https:\/\/i0.wp.com\/www.polizeichor-dresden.de\/wp-content\/uploads\/2020\/06\/PCDD-Vorstand_06-2020-scaled.jpg?fit=2560%2C2112&amp;ssl=1\" data-orig-size=\"2560,2112\" data-comments-opened=\"1\" data-image-meta=\"{&quot;aperture&quot;:&quot;1.8&quot;,&quot;credit&quot;:&quot;&quot;,&quot;camera&quot;:&quot;iPhone XS Max&quot;,&quot;caption&quot;:&quot;&quot;,&quot;created_timestamp&quot;:&quot;1591723055&quot;,&quot;copyright&quot;:&quot;&quot;,&quot;focal_length&quot;:&quot;4.25&quot;,&quot;iso&quot;:&quot;320&quot;,&quot;shutter_speed&quot;:&quot;0.03030303030303&quot;,&quot;title&quot;:&quot;&quot;,&quot;orientation&quot;:&quot;1&quot;}\" data-image-title=\"PCDD-Vorstand_06-2020\" data-image-description=\"\" data-image-caption=\"\" data-medium-file=\"https:\/\/i0.wp.com\/www.polizeichor-dresden.de\/wp-content\/uploads\/2020\/06\/PCDD-Vorstand_06-2020-scaled.jpg?fit=300%2C247&amp;ssl=1\" data-large-file=\"https:\/\/i0.wp.com\/www.polizeichor-dresden.de\/wp-content\/uploads\/2020\/06\/PCDD-Vorstand_06-2020-scaled.jpg?fit=1024%2C845&amp;ssl=1\" decoding=\"async\" loading=\"lazy\" width=\"1024\" height=\"845\" src=\"https:\/\/i0.wp.com\/www.polizeichor-dresden.de\/wp-content\/uploads\/2020\/06\/PCDD-Vorstand_06-2020.jpg?resize=1024%2C845&#038;ssl=1\" alt=\"\" class=\"wp-image-2218\" srcset=\"https:\/\/i0.wp.com\/www.polizeichor-dresden.de\/wp-content\/uploads\/2020\/06\/PCDD-Vorstand_06-2020-scaled.jpg?resize=1024%2C845&amp;ssl=1 1024w, https:\/\/i0.wp.com\/www.polizeichor-dresden.de\/wp-content\/uploads\/2020\/06\/PCDD-Vorstand_06-2020-scaled.jpg?resize=300%2C247&amp;ssl=1 300w, https:\/\/i0.wp.com\/www.polizeichor-dresden.de\/wp-content\/uploads\/2020\/06\/PCDD-Vorstand_06-2020-scaled.jpg?resize=768%2C633&amp;ssl=1 768w, https:\/\/i0.wp.com\/www.polizeichor-dresden.de\/wp-content\/uploads\/2020\/06\/PCDD-Vorstand_06-2020-scaled.jpg?resize=1536%2C1267&amp;ssl=1 1536w, https:\/\/i0.wp.com\/www.polizeichor-dresden.de\/wp-content\/uploads\/2020\/06\/PCDD-Vorstand_06-2020-scaled.jpg?resize=2048%2C1689&amp;ssl=1 2048w\" sizes=\"(max-width: 1000px) 100vw, 1000px\" data-recalc-dims=\"1\" \/><\/figure><\/div>","protected":false},"excerpt":{"rendered":"<p>Rechtliche und organisatorische Grundlage ist die Satzung des Polizeichores Dresden. Entsprechend dieser Satzung ist das h\u00f6chste Gremium des Vereins die Jahreshauptversammlung, die einmal j\u00e4hrlich ordentlich tagt. Zur Jahreshauptversammlung wird der Vorstand von allen stimmberechtigten Mitgliedern auf vier Jahre gew\u00e4hlt. Die letzte Wahl fand am 17. M\u00e4rz 2023 statt. Gegenw\u00e4rtig geh\u00f6ren dem Vorstand an: als Vorsitzende: [&hellip;]<\/p>\n","protected":false},"author":1,"featured_media":0,"parent":24,"menu_order":0,"comment_status":"closed","ping_status":"open","template":"","meta":{"ngg_post_thumbnail":0,"jetpack_post_was_ever_published":false},"aioseo_notices":[],"jetpack_shortlink":"https:\/\/wp.me\/P32b0X-t","jetpack_sharing_enabled":true,"_links":{"self":[{"href":"https:\/\/www.polizeichor-dresden.de\/index.php?rest_route=\/wp\/v2\/pages\/29"}],"collection":[{"href":"https:\/\/www.polizeichor-dresden.de\/index.php?rest_route=\/wp\/v2\/pages"}],"about":[{"href":"https:\/\/www.polizeichor-dresden.de\/index.php?rest_route=\/wp\/v2\/types\/page"}],"author":[{"embeddable":true,"href":"https:\/\/www.polizeichor-dresden.de\/index.php?rest_route=\/wp\/v2\/users\/1"}],"replies":[{"embeddable":true,"href":"https:\/\/www.polizeichor-dresden.de\/index.php?rest_route=%2Fwp%2Fv2%2Fcomments&post=29"}],"version-history":[{"count":21,"href":"https:\/\/www.polizeichor-dresden.de\/index.php?rest_route=\/wp\/v2\/pages\/29\/revisions"}],"predecessor-version":[{"id":3249,"href":"https:\/\/www.polizeichor-dresden.de\/index.php?rest_route=\/wp\/v2\/pages\/29\/revisions\/3249"}],"up":[{"embeddable":true,"href":"https:\/\/www.polizeichor-dresden.de\/index.php?rest_route=\/wp\/v2\/pages\/24"}],"wp:attachment":[{"href":"https:\/\/www.polizeichor-dresden.de\/index.php?rest_route=%2Fwp%2Fv2%2Fmedia&parent=29"}],"curies":[{"name":"wp","href":"https:\/\/api.w.org\/{rel}","templated":true}]}}