{"id":24,"date":"2013-01-04T17:49:58","date_gmt":"2013-01-04T15:49:58","guid":{"rendered":"http:\/\/www.polizeichor-dresden.de\/?page_id=24"},"modified":"2019-08-30T11:12:09","modified_gmt":"2019-08-30T09:12:09","slug":"der-chor","status":"publish","type":"page","link":"https:\/\/www.polizeichor-dresden.de\/?page_id=24","title":{"rendered":"Der Chor"},"content":{"rendered":"<p align=\"justify\">Wir, das sind 65 S\u00e4nger und S\u00e4ngerinnen zwischen 18 und 70 Jahren, haben vor allem eines gemeinsam: die Liebe zur Musik. Durch unsere aktive Mitgliedschaft im Polizeichor fr\u00f6nen wir nicht nur unserer eigenen Leidenschaft, dem Singen, sondern leisten gleichzeitig einen wichtigen Beitrag zur \u00d6ffentlichkeitsarbeit der Polizei. Dass wir dabei nicht alle Polizisten sind, st\u00f6rt keinen und bereichert das Chorleben um viele Aspekte.<\/p>\n<p align=\"justify\">Jeden Montag treffen wir uns zur w\u00f6chentlichen Chorprobe, wobei nicht nur das Singen, sondern auch der Gedankenaustausch und die zahlreichen Gespr\u00e4che mit den Anderen im Mittelpunkt stehen.<br \/>\nDenn jedem Einzelnen von uns liegt das generationen\u00fcbergreifende Zusammengeh\u00f6rigkeitsgef\u00fchl der Chorgemeinschaft ganz besonders am Herzen, hat diese doch schon so Manchem bei der Bew\u00e4ltigung pers\u00f6nlicher oder beruflicher Probleme geholfen.<\/p>\n<p align=\"justify\">Unser Repertoire reicht von Operettench\u00f6ren \u00fcber das Volkslied bis hin zu Gospelges\u00e4ngen. Gerade diese Vielfalt l\u00e4sst keine Probe langweilig werden und macht unsere Konzerte zum Erlebnis f\u00fcr unsere Zuh\u00f6rer. Aber nicht nur Proben und Konzerte, sondern auch gemeinsame Reisen in alle Welt machen das Chorleben aus. Fast in jedem Jahr unternehmen wir eine Konzertreise und haben auf diesem Weg nicht nur zahlreiche deutsche St\u00e4dte, sondern sogar schon \u00c4gypten oder die USA kennen gelernt. Daneben unternehmen wir au\u00dferdem noch Erlebnisreisen zusammen mit unseren f\u00f6rdernden Mitgliedern. China und S\u00fcdafrika standen schon auf dem Programm, auch f\u00fchrte uns der Weg schon nach Vietnam.<\/p>\n<p align=\"justify\">Eines unserer wichtigsten Anliegen ist das soziale Engagement f\u00fcr Hilfebed\u00fcrftige. Mit den Einnahmen aus unseren Konzerten war es uns in den vergangenen Jahren immer m\u00f6glich, Menschen und Vereine finanziell zu unterst\u00fctzen. Und dass f\u00fchlt sich neben all der Freude am Singen ganz besonders gut an.<\/p>\n","protected":false},"excerpt":{"rendered":"<p>Wir, das sind 65 S\u00e4nger und S\u00e4ngerinnen zwischen 18 und 70 Jahren, haben vor allem eines gemeinsam: die Liebe zur Musik. Durch unsere aktive Mitgliedschaft im Polizeichor fr\u00f6nen wir nicht nur unserer eigenen Leidenschaft, dem Singen, sondern leisten gleichzeitig einen wichtigen Beitrag zur \u00d6ffentlichkeitsarbeit der Polizei. Dass wir dabei nicht alle Polizisten sind, st\u00f6rt keinen [&hellip;]<\/p>\n","protected":false},"author":1,"featured_media":0,"parent":0,"menu_order":1,"comment_status":"closed","ping_status":"closed","template":"","meta":{"ngg_post_thumbnail":0,"jetpack_post_was_ever_published":false},"aioseo_notices":[],"jetpack_shortlink":"https:\/\/wp.me\/P32b0X-o","jetpack_sharing_enabled":true,"_links":{"self":[{"href":"https:\/\/www.polizeichor-dresden.de\/index.php?rest_route=\/wp\/v2\/pages\/24"}],"collection":[{"href":"https:\/\/www.polizeichor-dresden.de\/index.php?rest_route=\/wp\/v2\/pages"}],"about":[{"href":"https:\/\/www.polizeichor-dresden.de\/index.php?rest_route=\/wp\/v2\/types\/page"}],"author":[{"embeddable":true,"href":"https:\/\/www.polizeichor-dresden.de\/index.php?rest_route=\/wp\/v2\/users\/1"}],"replies":[{"embeddable":true,"href":"https:\/\/www.polizeichor-dresden.de\/index.php?rest_route=%2Fwp%2Fv2%2Fcomments&post=24"}],"version-history":[{"count":9,"href":"https:\/\/www.polizeichor-dresden.de\/index.php?rest_route=\/wp\/v2\/pages\/24\/revisions"}],"predecessor-version":[{"id":2010,"href":"https:\/\/www.polizeichor-dresden.de\/index.php?rest_route=\/wp\/v2\/pages\/24\/revisions\/2010"}],"wp:attachment":[{"href":"https:\/\/www.polizeichor-dresden.de\/index.php?rest_route=%2Fwp%2Fv2%2Fmedia&parent=24"}],"curies":[{"name":"wp","href":"https:\/\/api.w.org\/{rel}","templated":true}]}}